{"id":68,"date":"2025-09-17T07:41:22","date_gmt":"2025-09-17T07:41:22","guid":{"rendered":"https:\/\/asso-mediterranees.org\/index.php\/home\/"},"modified":"2025-10-05T12:26:52","modified_gmt":"2025-10-05T12:26:52","slug":"home","status":"publish","type":"page","link":"https:\/\/asso-mediterranees.org\/","title":{"rendered":"Home"},"content":{"rendered":"\t\t<div data-elementor-type=\"wp-page\" data-elementor-id=\"68\" class=\"elementor elementor-68\" data-elementor-post-type=\"page\">\n\t\t\t\t<div class=\"elementor-element elementor-element-4c3a01b e-con-full e-flex e-con e-parent\" data-id=\"4c3a01b\" data-element_type=\"container\" data-e-type=\"container\">\n\t\t<div class=\"elementor-element elementor-element-158e2c18 e-con-full e-flex e-con e-child\" data-id=\"158e2c18\" data-element_type=\"container\" data-e-type=\"container\">\n\t\t<div class=\"elementor-element elementor-element-b8bf63d e-con-full e-flex e-con e-child\" data-id=\"b8bf63d\" data-element_type=\"container\" data-e-type=\"container\">\n\t\t\t\t<div class=\"elementor-element elementor-element-4bd37299 elementor-widget elementor-widget-heading\" data-id=\"4bd37299\" data-element_type=\"widget\" data-e-type=\"widget\" data-widget_type=\"heading.default\">\n\t\t\t\t<div class=\"elementor-widget-container\">\n\t\t\t\t\t<h1 class=\"elementor-heading-title elementor-size-default\">Bienvenue sur le site de l'association M\u00e9diterran\u00e9es<\/h1>\t\t\t\t<\/div>\n\t\t\t\t<\/div>\n\t\t\t\t<div class=\"elementor-element elementor-element-34557ee9 elementor-widget__width-initial elementor-widget elementor-widget-text-editor\" data-id=\"34557ee9\" data-element_type=\"widget\" data-e-type=\"widget\" data-widget_type=\"text-editor.default\">\n\t\t\t\t<div class=\"elementor-widget-container\">\n\t\t\t\t\t\t\t\t\t<h4 class=\"elementor-heading-title elementor-size-default\">Espace de dialogue entre les religions et les rives de la\u00a0<i>mare nostrum\u00a0<\/i>autour de l&rsquo;h\u00e9ritage de l&rsquo;Antiquit\u00e9<\/h4>\t\t\t\t\t\t\t\t<\/div>\n\t\t\t\t<\/div>\n\t\t\t\t<div class=\"elementor-element elementor-element-32fc177d elementor-invisible elementor-widget elementor-widget-button\" data-id=\"32fc177d\" data-element_type=\"widget\" data-e-type=\"widget\" data-settings=\"{&quot;_animation&quot;:&quot;fadeInDown&quot;}\" data-widget_type=\"button.default\">\n\t\t\t\t<div class=\"elementor-widget-container\">\n\t\t\t\t\t\t\t\t\t<div class=\"elementor-button-wrapper\">\n\t\t\t\t\t<a class=\"elementor-button elementor-button-link elementor-size-sm elementor-animation-sink\" href=\"https:\/\/asso-mediterranees.org\/index.php\/association-mediterranees\/\">\n\t\t\t\t\t\t<span class=\"elementor-button-content-wrapper\">\n\t\t\t\t\t\t\t\t\t<span class=\"elementor-button-text\">Notre histoire<\/span>\n\t\t\t\t\t<\/span>\n\t\t\t\t\t<\/a>\n\t\t\t\t<\/div>\n\t\t\t\t\t\t\t\t<\/div>\n\t\t\t\t<\/div>\n\t\t\t\t<\/div>\n\t\t\t\t<\/div>\n\t\t<div class=\"elementor-element elementor-element-40b42539 e-con-full e-flex e-con e-child\" data-id=\"40b42539\" data-element_type=\"container\" data-e-type=\"container\" data-settings=\"{&quot;background_background&quot;:&quot;classic&quot;}\">\n\t\t\t\t<\/div>\n\t\t\t\t<\/div>\n\t\t<div class=\"elementor-element elementor-element-73fd8e95 e-con-full e-flex e-con e-parent\" data-id=\"73fd8e95\" data-element_type=\"container\" data-e-type=\"container\">\n\t\t<div class=\"elementor-element elementor-element-17209eb0 e-con-full e-flex e-con e-child\" data-id=\"17209eb0\" data-element_type=\"container\" data-e-type=\"container\" data-settings=\"{&quot;background_background&quot;:&quot;classic&quot;}\">\n\t\t\t\t<\/div>\n\t\t<div class=\"elementor-element elementor-element-2be57289 e-con-full e-flex e-con e-child\" data-id=\"2be57289\" data-element_type=\"container\" data-e-type=\"container\">\n\t\t\t\t<div class=\"elementor-element elementor-element-613938a4 elementor-widget elementor-widget-heading\" data-id=\"613938a4\" data-element_type=\"widget\" data-e-type=\"widget\" data-widget_type=\"heading.default\">\n\t\t\t\t<div class=\"elementor-widget-container\">\n\t\t\t\t\t<h2 class=\"elementor-heading-title elementor-size-default\">Notre activit\u00e9 scientifique<\/h2>\t\t\t\t<\/div>\n\t\t\t\t<\/div>\n\t\t\t\t<div class=\"elementor-element elementor-element-3e8e9aed elementor-widget elementor-widget-text-editor\" data-id=\"3e8e9aed\" data-element_type=\"widget\" data-e-type=\"widget\" data-widget_type=\"text-editor.default\">\n\t\t\t\t<div class=\"elementor-widget-container\">\n\t\t\t\t\t\t\t\t\t<p>Avec le soutien de l&rsquo;Universit\u00e9 Paris X Nanterre dans un premier temps, puis en association avec le Centre d&rsquo;\u00c9tudes Internationales sur la Romanit\u00e9 de l&rsquo;Universit\u00e9 de La Rochelle et d&rsquo;autres partenaires, <em>M\u00e9diterran\u00e9es\u00a0<\/em>organise r\u00e9guli\u00e8rement des colloques et conf\u00e9rences.<\/p>\t\t\t\t\t\t\t\t<\/div>\n\t\t\t\t<\/div>\n\t\t\t\t<div class=\"elementor-element elementor-element-1118f93b elementor-invisible elementor-widget elementor-widget-button\" data-id=\"1118f93b\" data-element_type=\"widget\" data-e-type=\"widget\" data-settings=\"{&quot;_animation&quot;:&quot;fadeInDown&quot;}\" data-widget_type=\"button.default\">\n\t\t\t\t<div class=\"elementor-widget-container\">\n\t\t\t\t\t\t\t\t\t<div class=\"elementor-button-wrapper\">\n\t\t\t\t\t<a class=\"elementor-button elementor-button-link elementor-size-sm\" href=\"https:\/\/asso-mediterranees.org\/index.php\/notre-activite-scientifique\/\">\n\t\t\t\t\t\t<span class=\"elementor-button-content-wrapper\">\n\t\t\t\t\t\t\t\t\t<span class=\"elementor-button-text\">Nos travaux<\/span>\n\t\t\t\t\t<\/span>\n\t\t\t\t\t<\/a>\n\t\t\t\t<\/div>\n\t\t\t\t\t\t\t\t<\/div>\n\t\t\t\t<\/div>\n\t\t\t\t<\/div>\n\t\t\t\t<\/div>\n\t\t<div class=\"elementor-element elementor-element-13ae2ab7 e-con-full e-flex e-con e-parent\" data-id=\"13ae2ab7\" data-element_type=\"container\" data-e-type=\"container\">\n\t\t\t\t<\/div>\n\t\t<div class=\"elementor-element elementor-element-40ee7f4f e-con-full e-flex e-con e-parent\" data-id=\"40ee7f4f\" data-element_type=\"container\" data-e-type=\"container\" data-settings=\"{&quot;background_background&quot;:&quot;classic&quot;}\">\n\t\t<div class=\"elementor-element elementor-element-1d6833f3 e-con-full e-flex e-con e-child\" data-id=\"1d6833f3\" data-element_type=\"container\" data-e-type=\"container\">\n\t\t\t\t<div class=\"elementor-element elementor-element-43c8c9c7 elementor-widget elementor-widget-heading\" data-id=\"43c8c9c7\" data-element_type=\"widget\" data-e-type=\"widget\" data-widget_type=\"heading.default\">\n\t\t\t\t<div class=\"elementor-widget-container\">\n\t\t\t\t\t<h2 class=\"elementor-heading-title elementor-size-default\">Vous souhaitez nous contacter ?<\/h2>\t\t\t\t<\/div>\n\t\t\t\t<\/div>\n\t\t<div class=\"elementor-element elementor-element-5c93612e e-con-full e-flex e-con e-child\" data-id=\"5c93612e\" data-element_type=\"container\" data-e-type=\"container\">\n\t\t\t\t<div class=\"elementor-element elementor-element-629b292e elementor-widget elementor-widget-text-editor\" data-id=\"629b292e\" data-element_type=\"widget\" data-e-type=\"widget\" data-widget_type=\"text-editor.default\">\n\t\t\t\t<div class=\"elementor-widget-container\">\n\t\t\t\t\t\t\t\t\t<p><strong>Une suggestion ou une proposition \u00e0 nous soumettre ? Contactez-nous par mail :<\/strong><\/p>\t\t\t\t\t\t\t\t<\/div>\n\t\t\t\t<\/div>\n\t\t\t\t<div class=\"elementor-element elementor-element-49417744 elementor-invisible elementor-widget elementor-widget-button\" data-id=\"49417744\" data-element_type=\"widget\" data-e-type=\"widget\" data-settings=\"{&quot;_animation&quot;:&quot;fadeInDown&quot;}\" data-widget_type=\"button.default\">\n\t\t\t\t<div class=\"elementor-widget-container\">\n\t\t\t\t\t\t\t\t\t<div class=\"elementor-button-wrapper\">\n\t\t\t\t\t<a class=\"elementor-button elementor-button-link elementor-size-sm elementor-animation-sink\" href=\"https:\/\/library.elementor.com\/ceramic-workshops-flexbox\/workshops\/\">\n\t\t\t\t\t\t<span class=\"elementor-button-content-wrapper\">\n\t\t\t\t\t\t\t\t\t<span class=\"elementor-button-text\">Contactez-nous<\/span>\n\t\t\t\t\t<\/span>\n\t\t\t\t\t<\/a>\n\t\t\t\t<\/div>\n\t\t\t\t\t\t\t\t<\/div>\n\t\t\t\t<\/div>\n\t\t\t\t<\/div>\n\t\t\t\t<\/div>\n\t\t\t\t<div class=\"elementor-element elementor-element-3dfa292a elementor-invisible elementor-widget elementor-widget-heading\" data-id=\"3dfa292a\" data-element_type=\"widget\" data-e-type=\"widget\" data-settings=\"{&quot;_animation&quot;:&quot;fadeInUp&quot;}\" data-widget_type=\"heading.default\">\n\t\t\t\t<div class=\"elementor-widget-container\">\n\t\t\t\t\t<span class=\"elementor-heading-title elementor-size-default\">M\u00e9diterran\u00e9es<\/span>\t\t\t\t<\/div>\n\t\t\t\t<\/div>\n\t\t\t\t<\/div>\n\t\t\t\t<\/div>\n\t\t","protected":false},"excerpt":{"rendered":"<p>Bienvenue sur le site de l&rsquo;association M\u00e9diterran\u00e9es Espace de dialogue entre les religions et les rives de la\u00a0mare nostrum\u00a0autour de l&rsquo;h\u00e9ritage de l&rsquo;Antiquit\u00e9 Notre histoire Notre activit\u00e9 scientifique Avec le soutien de l&rsquo;Universit\u00e9 Paris X Nanterre dans un premier temps, puis en association avec le Centre d&rsquo;\u00c9tudes Internationales sur la Romanit\u00e9 de l&rsquo;Universit\u00e9 de La [&hellip;]<\/p>\n","protected":false},"author":2,"featured_media":0,"parent":0,"menu_order":0,"comment_status":"closed","ping_status":"closed","template":"elementor_header_footer","meta":{"_eb_attr":"","footnotes":""},"class_list":["post-68","page","type-page","status-publish","hentry"],"yoast_head":"<!-- This site is optimized with the Yoast SEO plugin v27.4 - https:\/\/yoast.com\/product\/yoast-seo-wordpress\/ -->\n<title>Home - Association M\u00e9diterran\u00e9es<\/title>\n<meta name=\"robots\" content=\"index, follow, max-snippet:-1, max-image-preview:large, max-video-preview:-1\" \/>\n<link rel=\"canonical\" href=\"https:\/\/asso-mediterranees.org\/\" \/>\n<meta property=\"og:locale\" content=\"fr_FR\" \/>\n<meta property=\"og:type\" content=\"article\" \/>\n<meta property=\"og:title\" content=\"Home - Association M\u00e9diterran\u00e9es\" \/>\n<meta property=\"og:description\" content=\"Bienvenue sur le site de l&rsquo;association M\u00e9diterran\u00e9es Espace de dialogue entre les religions et les rives de la\u00a0mare nostrum\u00a0autour de l&rsquo;h\u00e9ritage de l&rsquo;Antiquit\u00e9 Notre histoire Notre activit\u00e9 scientifique Avec le soutien de l&rsquo;Universit\u00e9 Paris X Nanterre dans un premier temps, puis en association avec le Centre d&rsquo;\u00c9tudes Internationales sur la Romanit\u00e9 de l&rsquo;Universit\u00e9 de La [&hellip;]\" \/>\n<meta property=\"og:url\" content=\"https:\/\/asso-mediterranees.org\/\" \/>\n<meta property=\"og:site_name\" content=\"Association M\u00e9diterran\u00e9es\" \/>\n<meta property=\"article:modified_time\" content=\"2025-10-05T12:26:52+00:00\" \/>\n<meta name=\"twitter:card\" content=\"summary_large_image\" \/>\n<meta name=\"twitter:label1\" content=\"Dur\u00e9e de lecture estim\u00e9e\" \/>\n\t<meta name=\"twitter:data1\" content=\"1 minute\" \/>\n<script type=\"application\/ld+json\" class=\"yoast-schema-graph\">{\"@context\":\"https:\\\/\\\/schema.org\",\"@graph\":[{\"@type\":\"WebPage\",\"@id\":\"https:\\\/\\\/asso-mediterranees.org\\\/\",\"url\":\"https:\\\/\\\/asso-mediterranees.org\\\/\",\"name\":\"Home - Association M\u00e9diterran\u00e9es\",\"isPartOf\":{\"@id\":\"https:\\\/\\\/asso-mediterranees.org\\\/#website\"},\"datePublished\":\"2025-09-17T07:41:22+00:00\",\"dateModified\":\"2025-10-05T12:26:52+00:00\",\"breadcrumb\":{\"@id\":\"https:\\\/\\\/asso-mediterranees.org\\\/#breadcrumb\"},\"inLanguage\":\"fr-FR\",\"potentialAction\":[{\"@type\":\"ReadAction\",\"target\":[\"https:\\\/\\\/asso-mediterranees.org\\\/\"]}]},{\"@type\":\"BreadcrumbList\",\"@id\":\"https:\\\/\\\/asso-mediterranees.org\\\/#breadcrumb\",\"itemListElement\":[{\"@type\":\"ListItem\",\"position\":1,\"name\":\"Accueil\",\"item\":\"https:\\\/\\\/asso-mediterranees.org\\\/\"},{\"@type\":\"ListItem\",\"position\":2,\"name\":\"Home\"}]},{\"@type\":\"WebSite\",\"@id\":\"https:\\\/\\\/asso-mediterranees.org\\\/#website\",\"url\":\"https:\\\/\\\/asso-mediterranees.org\\\/\",\"name\":\"Association M\u00e9diterran\u00e9es\",\"description\":\"\",\"publisher\":{\"@id\":\"https:\\\/\\\/asso-mediterranees.org\\\/#organization\"},\"potentialAction\":[{\"@type\":\"SearchAction\",\"target\":{\"@type\":\"EntryPoint\",\"urlTemplate\":\"https:\\\/\\\/asso-mediterranees.org\\\/?s={search_term_string}\"},\"query-input\":{\"@type\":\"PropertyValueSpecification\",\"valueRequired\":true,\"valueName\":\"search_term_string\"}}],\"inLanguage\":\"fr-FR\"},{\"@type\":\"Organization\",\"@id\":\"https:\\\/\\\/asso-mediterranees.org\\\/#organization\",\"name\":\"Association M\u00e9diterran\u00e9es\",\"url\":\"https:\\\/\\\/asso-mediterranees.org\\\/\",\"logo\":{\"@type\":\"ImageObject\",\"inLanguage\":\"fr-FR\",\"@id\":\"https:\\\/\\\/asso-mediterranees.org\\\/#\\\/schema\\\/logo\\\/image\\\/\",\"url\":\"https:\\\/\\\/asso-mediterranees.org\\\/wp-content\\\/uploads\\\/2025\\\/06\\\/Site-Mediterranees_html_m140ee90b.png\",\"contentUrl\":\"https:\\\/\\\/asso-mediterranees.org\\\/wp-content\\\/uploads\\\/2025\\\/06\\\/Site-Mediterranees_html_m140ee90b.png\",\"width\":509,\"height\":472,\"caption\":\"Association M\u00e9diterran\u00e9es\"},\"image\":{\"@id\":\"https:\\\/\\\/asso-mediterranees.org\\\/#\\\/schema\\\/logo\\\/image\\\/\"}}]}<\/script>\n<!-- \/ Yoast SEO plugin. -->","yoast_head_json":{"title":"Home - Association M\u00e9diterran\u00e9es","robots":{"index":"index","follow":"follow","max-snippet":"max-snippet:-1","max-image-preview":"max-image-preview:large","max-video-preview":"max-video-preview:-1"},"canonical":"https:\/\/asso-mediterranees.org\/","og_locale":"fr_FR","og_type":"article","og_title":"Home - Association M\u00e9diterran\u00e9es","og_description":"Bienvenue sur le site de l&rsquo;association M\u00e9diterran\u00e9es Espace de dialogue entre les religions et les rives de la\u00a0mare nostrum\u00a0autour de l&rsquo;h\u00e9ritage de l&rsquo;Antiquit\u00e9 Notre histoire Notre activit\u00e9 scientifique Avec le soutien de l&rsquo;Universit\u00e9 Paris X Nanterre dans un premier temps, puis en association avec le Centre d&rsquo;\u00c9tudes Internationales sur la Romanit\u00e9 de l&rsquo;Universit\u00e9 de La [&hellip;]","og_url":"https:\/\/asso-mediterranees.org\/","og_site_name":"Association M\u00e9diterran\u00e9es","article_modified_time":"2025-10-05T12:26:52+00:00","twitter_card":"summary_large_image","twitter_misc":{"Dur\u00e9e de lecture estim\u00e9e":"1 minute"},"schema":{"@context":"https:\/\/schema.org","@graph":[{"@type":"WebPage","@id":"https:\/\/asso-mediterranees.org\/","url":"https:\/\/asso-mediterranees.org\/","name":"Home - Association M\u00e9diterran\u00e9es","isPartOf":{"@id":"https:\/\/asso-mediterranees.org\/#website"},"datePublished":"2025-09-17T07:41:22+00:00","dateModified":"2025-10-05T12:26:52+00:00","breadcrumb":{"@id":"https:\/\/asso-mediterranees.org\/#breadcrumb"},"inLanguage":"fr-FR","potentialAction":[{"@type":"ReadAction","target":["https:\/\/asso-mediterranees.org\/"]}]},{"@type":"BreadcrumbList","@id":"https:\/\/asso-mediterranees.org\/#breadcrumb","itemListElement":[{"@type":"ListItem","position":1,"name":"Accueil","item":"https:\/\/asso-mediterranees.org\/"},{"@type":"ListItem","position":2,"name":"Home"}]},{"@type":"WebSite","@id":"https:\/\/asso-mediterranees.org\/#website","url":"https:\/\/asso-mediterranees.org\/","name":"Association M\u00e9diterran\u00e9es","description":"","publisher":{"@id":"https:\/\/asso-mediterranees.org\/#organization"},"potentialAction":[{"@type":"SearchAction","target":{"@type":"EntryPoint","urlTemplate":"https:\/\/asso-mediterranees.org\/?s={search_term_string}"},"query-input":{"@type":"PropertyValueSpecification","valueRequired":true,"valueName":"search_term_string"}}],"inLanguage":"fr-FR"},{"@type":"Organization","@id":"https:\/\/asso-mediterranees.org\/#organization","name":"Association M\u00e9diterran\u00e9es","url":"https:\/\/asso-mediterranees.org\/","logo":{"@type":"ImageObject","inLanguage":"fr-FR","@id":"https:\/\/asso-mediterranees.org\/#\/schema\/logo\/image\/","url":"https:\/\/asso-mediterranees.org\/wp-content\/uploads\/2025\/06\/Site-Mediterranees_html_m140ee90b.png","contentUrl":"https:\/\/asso-mediterranees.org\/wp-content\/uploads\/2025\/06\/Site-Mediterranees_html_m140ee90b.png","width":509,"height":472,"caption":"Association M\u00e9diterran\u00e9es"},"image":{"@id":"https:\/\/asso-mediterranees.org\/#\/schema\/logo\/image\/"}}]}},"_links":{"self":[{"href":"https:\/\/asso-mediterranees.org\/index.php\/wp-json\/wp\/v2\/pages\/68","targetHints":{"allow":["GET"]}}],"collection":[{"href":"https:\/\/asso-mediterranees.org\/index.php\/wp-json\/wp\/v2\/pages"}],"about":[{"href":"https:\/\/asso-mediterranees.org\/index.php\/wp-json\/wp\/v2\/types\/page"}],"author":[{"embeddable":true,"href":"https:\/\/asso-mediterranees.org\/index.php\/wp-json\/wp\/v2\/users\/2"}],"replies":[{"embeddable":true,"href":"https:\/\/asso-mediterranees.org\/index.php\/wp-json\/wp\/v2\/comments?post=68"}],"version-history":[{"count":20,"href":"https:\/\/asso-mediterranees.org\/index.php\/wp-json\/wp\/v2\/pages\/68\/revisions"}],"predecessor-version":[{"id":184,"href":"https:\/\/asso-mediterranees.org\/index.php\/wp-json\/wp\/v2\/pages\/68\/revisions\/184"}],"wp:attachment":[{"href":"https:\/\/asso-mediterranees.org\/index.php\/wp-json\/wp\/v2\/media?parent=68"}],"curies":[{"name":"wp","href":"https:\/\/api.w.org\/{rel}","templated":true}]}}